{"id":3,"date":"2024-08-02T19:52:19","date_gmt":"2024-08-02T17:52:19","guid":{"rendered":"https:\/\/ferienwohnung-stryck.de\/?page_id=3"},"modified":"2024-08-05T21:23:15","modified_gmt":"2024-08-05T19:23:15","slug":"datenschutzerklaerung","status":"publish","type":"page","link":"https:\/\/ferienwohnung-stryck.de\/?page_id=3","title":{"rendered":"Datenschutzerkl\u00e4rung"},"content":{"rendered":"\n<div class=\"section-wrapper\" data-id=\"vap8hp\"><section class=\"wp-block-gutenverse-section guten-element guten-section guten-vap8hp layout-boxed align-stretch\"><div class=\"guten-background-overlay\"><\/div><div class=\"guten-shape-divider guten-shape-divider-top\"><\/div><div class=\"guten-shape-divider guten-shape-divider-bottom\"><\/div><div class=\"guten-container guten-column-gap-default\">\n<div class=\"wp-block-gutenverse-column guten-element guten-column guten-88zNr6\"><div class=\"guten-background-overlay\"><\/div><div class=\"sticky-wrapper\" data-id=\"88zNr6\"><div class=\"guten-column-wrapper\">\n<p><strong>Erkl\u00e4rung zur Informationspflicht (Datenschutzerkl\u00e4rung)<\/strong><\/p>\n\n\n\n<p>Der Schutz Ihrer pers\u00f6nlichen Daten ist uns ein besonderes Anliegen. Wir verarbeiten Ihre Daten daher ausschlie\u00dflich auf Grundlage der gesetzlichen Bestimmungen (DSGVO). In diesen Datenschutzinformationen informieren wir Sie \u00fcber die wichtigsten Aspekte der Datenverarbeitung im Rahmen unserer Website.&nbsp;<\/p>\n\n\n\n<p class=\"has-sixth-color has-text-color has-link-color wp-elements-58865d34d0255f022ab8c984a2a01811\"><strong>Kontakt mit uns<\/strong><\/p>\n\n\n\n<p class=\"has-sixth-color has-text-color has-link-color wp-elements-21a4e0c2538ff82c0e39474c3b3ff6f0\">Wenn Sie per Formular auf der Website oder per E-Mail Kontakt mit uns aufnehmen, werden Ihre angegebenen Daten zwecks Bearbeitung der Anfrage und f\u00fcr den Fall von Anschlussfragen sechs Monate bei uns gespeichert. Diese Daten geben wir nicht ohne Ihre Einwilligung weiter.<\/p>\n\n\n\n<p class=\"has-sixth-color has-text-color has-link-color wp-elements-62c256131fc86d65a7968e19b0350a7b\"><strong>Ihre Rechte<\/strong><\/p>\n\n\n\n<p class=\"has-sixth-color has-text-color has-link-color wp-elements-1a3f6323d2079198ca584503561f9038\">Ihnen stehen bez\u00fcglich Ihrer bei uns gespeicherten Daten&nbsp;grunds\u00e4tzlich die Rechte auf Auskunft, Berichtigung, L\u00f6schung, Einschr\u00e4nkung, Daten\u00fcbertragbarkeit, Widerruf und Widerspruch zu. Wenn Sie glauben, dass die Verarbeitung Ihrer Daten gegen das Datenschutzrecht verst\u00f6\u00dft oder Ihre datenschutzrechtlichen Anspr\u00fcche sonst in einer Weise verletzt worden sind, k\u00f6nnen Sie sich bei uns (Kontakt s.o.) oder der Datenschutzbeh\u00f6rde beschweren.<\/p>\n\n\n\n<p class=\"has-sixth-color has-text-color has-link-color wp-elements-0ab4efae3f7fe5be7b01b3e0c01536fa\"><strong>Google Analytics<\/strong><\/p>\n\n\n\n<p class=\"has-sixth-color has-text-color has-link-color wp-elements-48fa4baab37b3e80f9a9366ecc50b648\">Diese Website nutzt den Dienst \u201eGoogle Analytics\u201c, welcher von der Google Inc. (1600 Amphitheatre Parkway Mountain View, CA 94043, USA) angeboten wird, zur Analyse der Websitebenutzung durch Nutzer. Der Dienst verwendet \u201eCookies\u201c \u2013 Textdateien, welche auf Ihrem Endger\u00e4t gespeichert werden. Die durch die Cookies gesammelten Informationen werden im Regelfall an einen Google-Server in den USA gesandt und dort gespeichert. Auf dieser Website greift die IP-Anonymisierung. Die IP-Adresse der Nutzer wird innerhalb der Mitgliedsstaaten der EU und des Europ\u00e4ischen Wirtschaftsraum gek\u00fcrzt. Durch diese K\u00fcrzung entf\u00e4llt der Personenbezug Ihrer IP-Adresse. Im Rahmen der Vereinbarung zur Auftragsdatenvereinbarung, welche die Websitebetreiber mit der Google Inc. geschlossen haben, erstellt diese mithilfe der gesammelten Informationen eine Auswertung der Websitenutzung und der Websiteaktivit\u00e4t und erbringt mit der Internetnutzung verbundene Dienstleistungen. Sie haben die M\u00f6glichkeit, die Speicherung des Cookies auf Ihrem Ger\u00e4t zu verhindern, indem Sie in Ihrem Browser entsprechende Einstellungen vornehmen. Es ist nicht gew\u00e4hrleistet, dass Sie auf alle Funktionen dieser Website ohne Einschr\u00e4nkungen zugreifen k\u00f6nnen, wenn Ihr Browser keine Cookies zul\u00e4sst. Weiterhin k\u00f6nnen Sie durch ein Browser-Plugin verhindern, dass die durch Cookies gesammelten Informationen (inklusive Ihrer IP-Adresse) an die Google Inc. gesendet und von der Google Inc. genutzt werden. Folgender Link f\u00fchrt Sie zu dem entsprechenden Plugin:<a href=\"https:\/\/tools.google.com\/dlpage\/gaoptout?hl=de%3C\/a%3E\">&nbsp;https:\/\/tools.google.com\/dlpage\/gaoptout?hl=de&nbsp;<\/a>.<\/p>\n\n\n\n<p class=\"has-sixth-color has-text-color has-link-color wp-elements-1ae1ffa7f6780c02c10088cf3585701b\">Hier finden Sie weitere Informationen zur Datennutzung durch die Google Inc.:&nbsp;<a href=\"https:\/\/support.google.com\/analytics\/answer\/6004245?hl=de\">https:\/\/support.google.com\/analytics\/answer\/6004245?hl=de<\/a><\/p>\n\n\n\n<p class=\"has-sixth-color has-text-color has-link-color wp-elements-b5e0c774d2203ae9d4975311a4a327a2\"><strong>Verwendung des Onlinebuchungstools der OBS OnlineBuchungService GmbH<\/strong><\/p>\n\n\n\n<p class=\"has-sixth-color has-text-color has-link-color wp-elements-9f327a04bf2ade7441c2751e9d85994f\"><em>Unsere Onlinepr\u00e4senz verwendet zur Erm\u00f6glichung der Onlinebuchungen von Unterkunftsleistungen und sonstigen Reiseleistungen, sowie zur Abwicklung von Anfragen das Onlinebuchungstool (nachfolgend \u201eOBT\u201c) der Firma OBS OnlineBuchungService GmbH, Im Gewerbepark D 33, 93059&nbsp;Regensburg (<\/em><a href=\"http:\/\/www.online-buchung-service.de\/\"><em>www.online-buchung-service.de<\/em><\/a><em>, nachfolgend \u201eOBS\u201c). Im Rahmen des OBT verarbeitet&nbsp;die OBS&nbsp;die Daten als Verantwortlicher. Die Hinweise und Bestimmungen zum Datenschutz finden Sie in der Datenschutzerkl\u00e4rung der OBS zum OBT, welche Sie jederzeit aus dem OBT heraus aufrufen&nbsp;k\u00f6nnen oder unter&nbsp;<\/em><a href=\"https:\/\/online-buchung-service.de\/datenschutzerklaerung-buchung\/\"><em>https:\/\/online-buchung-service.de\/datenschutzerklaerung-buchung\/<\/em><\/a><em>&nbsp;einsehen k\u00f6nnen.<\/em><\/p>\n<\/div><\/div><\/div>\n<\/div><\/section><\/div>\n","protected":false},"excerpt":{"rendered":"","protected":false},"author":1,"featured_media":0,"parent":0,"menu_order":0,"comment_status":"closed","ping_status":"open","template":"","meta":{"_price":"","_stock":"","_tribe_ticket_header":"","_tribe_default_ticket_provider":"","_tribe_ticket_capacity":"0","_ticket_start_date":"","_ticket_end_date":"","_tribe_ticket_show_description":"","_tribe_ticket_show_not_going":false,"_tribe_ticket_use_global_stock":"","_tribe_ticket_global_stock_level":"","_global_stock_mode":"","_global_stock_cap":"","_tribe_rsvp_for_event":"","_tribe_ticket_going_count":"","_tribe_ticket_not_going_count":"","_tribe_tickets_list":"[]","_tribe_ticket_has_attendee_info_fields":false,"_EventAllDay":false,"_EventTimezone":"","_EventStartDate":"","_EventEndDate":"","_EventStartDateUTC":"","_EventEndDateUTC":"","_EventShowMap":false,"_EventShowMapLink":false,"_EventURL":"","_EventCost":"","_EventCostDescription":"","_EventCurrencySymbol":"","_EventCurrencyCode":"","_EventCurrencyPosition":"","_EventDateTimeSeparator":"","_EventTimeRangeSeparator":"","_EventOrganizerID":[],"_EventVenueID":[],"_OrganizerEmail":"","_OrganizerPhone":"","_OrganizerWebsite":"","_VenueAddress":"","_VenueCity":"","_VenueCountry":"","_VenueProvince":"","_VenueState":"","_VenueZip":"","_VenuePhone":"","_VenueURL":"","_VenueStateProvince":"","_VenueLat":"","_VenueLng":"","_VenueShowMap":false,"_VenueShowMapLink":false,"footnotes":"","_tec_slr_enabled":"","_tec_slr_layout":""},"class_list":["post-3","page","type-page","status-publish","hentry"],"yoast_head":"<!-- This site is optimized with the Yoast SEO plugin v27.3 - https:\/\/yoast.com\/product\/yoast-seo-wordpress\/ -->\n<title>Datenschutzerkl\u00e4rung - Ferienwohnung Stryck<\/title>\n<meta name=\"robots\" content=\"index, follow, max-snippet:-1, max-image-preview:large, max-video-preview:-1\" \/>\n<link rel=\"canonical\" href=\"https:\/\/ferienwohnung-5zegnia8df.live-website.com\/?page_id=3\" \/>\n<meta property=\"og:locale\" content=\"de_DE\" \/>\n<meta property=\"og:type\" content=\"article\" \/>\n<meta property=\"og:title\" content=\"Datenschutzerkl\u00e4rung - Ferienwohnung Stryck\" \/>\n<meta property=\"og:url\" content=\"https:\/\/ferienwohnung-5zegnia8df.live-website.com\/?page_id=3\" \/>\n<meta property=\"og:site_name\" content=\"Ferienwohnung Stryck\" \/>\n<meta property=\"article:modified_time\" content=\"2024-08-05T19:23:15+00:00\" \/>\n<meta name=\"twitter:card\" content=\"summary_large_image\" \/>\n<meta name=\"twitter:label1\" content=\"Gesch\u00e4tzte Lesezeit\" \/>\n\t<meta name=\"twitter:data1\" content=\"3\u00a0Minuten\" \/>\n<script type=\"application\/ld+json\" class=\"yoast-schema-graph\">{\"@context\":\"https:\\\/\\\/schema.org\",\"@graph\":[{\"@type\":\"WebPage\",\"@id\":\"https:\\\/\\\/ferienwohnung-5zegnia8df.live-website.com\\\/?page_id=3\",\"url\":\"https:\\\/\\\/ferienwohnung-5zegnia8df.live-website.com\\\/?page_id=3\",\"name\":\"Datenschutzerkl\u00e4rung - Ferienwohnung Stryck\",\"isPartOf\":{\"@id\":\"https:\\\/\\\/ferienwohnung-5zegnia8df.live-website.com\\\/#website\"},\"datePublished\":\"2024-08-02T17:52:19+00:00\",\"dateModified\":\"2024-08-05T19:23:15+00:00\",\"breadcrumb\":{\"@id\":\"https:\\\/\\\/ferienwohnung-5zegnia8df.live-website.com\\\/?page_id=3#breadcrumb\"},\"inLanguage\":\"de\",\"potentialAction\":[{\"@type\":\"ReadAction\",\"target\":[\"https:\\\/\\\/ferienwohnung-5zegnia8df.live-website.com\\\/?page_id=3\"]}]},{\"@type\":\"BreadcrumbList\",\"@id\":\"https:\\\/\\\/ferienwohnung-5zegnia8df.live-website.com\\\/?page_id=3#breadcrumb\",\"itemListElement\":[{\"@type\":\"ListItem\",\"position\":1,\"name\":\"Startseite\",\"item\":\"https:\\\/\\\/ferienwohnung-5zegnia8df.live-website.com\\\/\"},{\"@type\":\"ListItem\",\"position\":2,\"name\":\"Datenschutzerkl\u00e4rung\"}]},{\"@type\":\"WebSite\",\"@id\":\"https:\\\/\\\/ferienwohnung-5zegnia8df.live-website.com\\\/#website\",\"url\":\"https:\\\/\\\/ferienwohnung-5zegnia8df.live-website.com\\\/\",\"name\":\"Ferienwohnung Stryck\",\"description\":\"\",\"potentialAction\":[{\"@type\":\"SearchAction\",\"target\":{\"@type\":\"EntryPoint\",\"urlTemplate\":\"https:\\\/\\\/ferienwohnung-5zegnia8df.live-website.com\\\/?s={search_term_string}\"},\"query-input\":{\"@type\":\"PropertyValueSpecification\",\"valueRequired\":true,\"valueName\":\"search_term_string\"}}],\"inLanguage\":\"de\"}]}<\/script>\n<!-- \/ Yoast SEO plugin. -->","yoast_head_json":{"title":"Datenschutzerkl\u00e4rung - Ferienwohnung Stryck","robots":{"index":"index","follow":"follow","max-snippet":"max-snippet:-1","max-image-preview":"max-image-preview:large","max-video-preview":"max-video-preview:-1"},"canonical":"https:\/\/ferienwohnung-5zegnia8df.live-website.com\/?page_id=3","og_locale":"de_DE","og_type":"article","og_title":"Datenschutzerkl\u00e4rung - Ferienwohnung Stryck","og_url":"https:\/\/ferienwohnung-5zegnia8df.live-website.com\/?page_id=3","og_site_name":"Ferienwohnung Stryck","article_modified_time":"2024-08-05T19:23:15+00:00","twitter_card":"summary_large_image","twitter_misc":{"Gesch\u00e4tzte Lesezeit":"3\u00a0Minuten"},"schema":{"@context":"https:\/\/schema.org","@graph":[{"@type":"WebPage","@id":"https:\/\/ferienwohnung-5zegnia8df.live-website.com\/?page_id=3","url":"https:\/\/ferienwohnung-5zegnia8df.live-website.com\/?page_id=3","name":"Datenschutzerkl\u00e4rung - Ferienwohnung Stryck","isPartOf":{"@id":"https:\/\/ferienwohnung-5zegnia8df.live-website.com\/#website"},"datePublished":"2024-08-02T17:52:19+00:00","dateModified":"2024-08-05T19:23:15+00:00","breadcrumb":{"@id":"https:\/\/ferienwohnung-5zegnia8df.live-website.com\/?page_id=3#breadcrumb"},"inLanguage":"de","potentialAction":[{"@type":"ReadAction","target":["https:\/\/ferienwohnung-5zegnia8df.live-website.com\/?page_id=3"]}]},{"@type":"BreadcrumbList","@id":"https:\/\/ferienwohnung-5zegnia8df.live-website.com\/?page_id=3#breadcrumb","itemListElement":[{"@type":"ListItem","position":1,"name":"Startseite","item":"https:\/\/ferienwohnung-5zegnia8df.live-website.com\/"},{"@type":"ListItem","position":2,"name":"Datenschutzerkl\u00e4rung"}]},{"@type":"WebSite","@id":"https:\/\/ferienwohnung-5zegnia8df.live-website.com\/#website","url":"https:\/\/ferienwohnung-5zegnia8df.live-website.com\/","name":"Ferienwohnung Stryck","description":"","potentialAction":[{"@type":"SearchAction","target":{"@type":"EntryPoint","urlTemplate":"https:\/\/ferienwohnung-5zegnia8df.live-website.com\/?s={search_term_string}"},"query-input":{"@type":"PropertyValueSpecification","valueRequired":true,"valueName":"search_term_string"}}],"inLanguage":"de"}]}},"ticketed":false,"_links":{"self":[{"href":"https:\/\/ferienwohnung-stryck.de\/index.php?rest_route=\/wp\/v2\/pages\/3","targetHints":{"allow":["GET"]}}],"collection":[{"href":"https:\/\/ferienwohnung-stryck.de\/index.php?rest_route=\/wp\/v2\/pages"}],"about":[{"href":"https:\/\/ferienwohnung-stryck.de\/index.php?rest_route=\/wp\/v2\/types\/page"}],"author":[{"embeddable":true,"href":"https:\/\/ferienwohnung-stryck.de\/index.php?rest_route=\/wp\/v2\/users\/1"}],"replies":[{"embeddable":true,"href":"https:\/\/ferienwohnung-stryck.de\/index.php?rest_route=%2Fwp%2Fv2%2Fcomments&post=3"}],"version-history":[{"count":3,"href":"https:\/\/ferienwohnung-stryck.de\/index.php?rest_route=\/wp\/v2\/pages\/3\/revisions"}],"predecessor-version":[{"id":198,"href":"https:\/\/ferienwohnung-stryck.de\/index.php?rest_route=\/wp\/v2\/pages\/3\/revisions\/198"}],"wp:attachment":[{"href":"https:\/\/ferienwohnung-stryck.de\/index.php?rest_route=%2Fwp%2Fv2%2Fmedia&parent=3"}],"curies":[{"name":"wp","href":"https:\/\/api.w.org\/{rel}","templated":true}]}}