{"id":209,"date":"2024-08-18T18:49:50","date_gmt":"2024-08-18T16:49:50","guid":{"rendered":"https:\/\/ferienwohnung-stryck.de\/?page_id=209"},"modified":"2024-08-18T21:27:02","modified_gmt":"2024-08-18T19:27:02","slug":"faq","status":"publish","type":"page","link":"https:\/\/ferienwohnung-stryck.de\/?page_id=209","title":{"rendered":"FAQ"},"content":{"rendered":"\n<ul class=\"wp-block-list\">\n<li style=\"padding-top:var(--wp--preset--spacing--30);padding-bottom:var(--wp--preset--spacing--30)\" class=\"has-normal-font-size\">Wann kann ich <strong>anreisen<\/strong>?\n<ul class=\"wp-block-list\">\n<li style=\"margin-top:0;margin-bottom:0\"><em>Die Anreise ist normalerweise ab 14:00 Uhr m\u00f6glich, je nach Vorbelegung evtl. auch schon fr\u00fcher.<\/em><\/li>\n<\/ul>\n<\/li>\n\n\n\n<li style=\"padding-top:var(--wp--preset--spacing--30);padding-bottom:var(--wp--preset--spacing--30)\" class=\"has-normal-font-size\">Bis wann muss ich die Wohnung am <strong>Abreisetag <\/strong>verlassen?\n<ul class=\"wp-block-list\">\n<li><em>Die Abreise muss im Regelfall bis 10:00 Uhr erfolgen.<\/em><\/li>\n<\/ul>\n<\/li>\n\n\n\n<li style=\"padding-top:var(--wp--preset--spacing--30);padding-bottom:var(--wp--preset--spacing--30)\" class=\"has-normal-font-size\">Was muss ich <strong>einpacken<\/strong>?\n<ul class=\"wp-block-list\">\n<li><em>Bettw\u00e4sche und Handt\u00fccher sind im Preis enthalten<\/em>.<\/li>\n\n\n\n<li><em>Waschmaschine und Trockner sind vorhanden<\/em>.<\/li>\n<\/ul>\n<\/li>\n\n\n\n<li style=\"padding-top:var(--wp--preset--spacing--30);padding-bottom:var(--wp--preset--spacing--30)\" class=\"has-normal-font-size\">Welche <strong>Nebenkosten <\/strong>(Endreinigung, Kurtaxe, Bettw\u00e4sche, Parken etc.) fallen an?\n<ul class=\"wp-block-list\">\n<li><em>Keine<\/em><\/li>\n<\/ul>\n<\/li>\n\n\n\n<li class=\"has-normal-font-size\">Ist die Ausstellung einer <strong>Rechnung <\/strong>f\u00fcr meinen Arbeitgeber\/ f\u00fcr die Steuererkl\u00e4rung m\u00f6glich? \n<ul class=\"wp-block-list\">\n<li><em>Ja, bitte senden Sie uns hierzu die Rechnungs-Anschrift<\/em><\/li>\n\n\n\n<li><em>Die Vermietung erfolgt umsatzsteuerbefreit gem. Kleinunternehmerregelung<\/em><\/li>\n<\/ul>\n<\/li>\n\n\n\n<li style=\"padding-top:var(--wp--preset--spacing--30);padding-bottom:var(--wp--preset--spacing--30)\" class=\"has-normal-font-size\">Was hat es mit der <strong>Kaution <\/strong>auf sich?\n<ul class=\"wp-block-list\">\n<li class=\"has-normal-font-size\"><em>Es handelt sich um eine Schadenskaution, diese wird innerhalb von 10 Tage nach Abreise zur\u00fcck\u00fcberwiesen<\/em><\/li>\n\n\n\n<li>Bei Buchungen \u00fcber Airbnb f\u00e4llt keine Kaution an (wegen zus\u00e4tzlicher Versicherung)<\/li>\n<\/ul>\n<\/li>\n\n\n\n<li style=\"padding-top:var(--wp--preset--spacing--30);padding-bottom:var(--wp--preset--spacing--30)\" class=\"has-normal-font-size\">Kann ich per <strong>Karte <\/strong>zahlen?\n<ul class=\"wp-block-list\">\n<li><em>Nein, es sind nur die Zahlarten Vorab-\u00dcberweisung, PayPal und nach R\u00fccksprache Barzahlung m\u00f6glich.<\/em><\/li>\n\n\n\n<li><em>Einige Kooperationspartner fragen die Kreditkartendaten ab, es ist jedoch keine direkte Kreditkartenzahlung m\u00f6glich.<\/em><\/li>\n<\/ul>\n<\/li>\n\n\n\n<li style=\"padding-top:var(--wp--preset--spacing--30);padding-bottom:var(--wp--preset--spacing--30)\" class=\"has-normal-font-size\">Gibt es in der N\u00e4he einen <strong>B\u00e4cker<\/strong>?\n<ul class=\"wp-block-list\">\n<li><em>Der n\u00e4chste B\u00e4cker ist ca. 3min mit dem Auto entfernt<\/em><\/li>\n<\/ul>\n<\/li>\n\n\n\n<li style=\"padding-top:var(--wp--preset--spacing--30);padding-bottom:var(--wp--preset--spacing--30)\" class=\"has-normal-font-size\">Ist die Wohnung <strong>barrierefrei<\/strong>?\n<ul class=\"wp-block-list\">\n<li><em>Nein,  es gibt Treppen au\u00dferhalb und innerhalb der Wohnung<\/em> (H\u00f6henunterschied Stra\u00dfe\/Wohnung ein Stockwerk)<\/li>\n<\/ul>\n<\/li>\n\n\n\n<li style=\"padding-top:var(--wp--preset--spacing--30);padding-bottom:var(--wp--preset--spacing--30)\" class=\"has-normal-font-size\">Kann ich meine <strong>Fahrr\u00e4der <\/strong>unterstellen ?\n<ul class=\"wp-block-list\">\n<li><em>Ja, in der eigenen Garage<\/em><\/li>\n<\/ul>\n<\/li>\n\n\n\n<li style=\"padding-top:var(--wp--preset--spacing--30);padding-bottom:var(--wp--preset--spacing--30)\" class=\"has-normal-font-size\">Ist die Wohnung im Winter <strong>warm<\/strong>?\n<ul class=\"wp-block-list\">\n<li><em>Ja, die Wohnung verf\u00fcgt \u00fcber eine leistungsstarke Zentralheizung<\/em> und ist gut isoliert.<\/li>\n\n\n\n<li><em>Wir empfehlen eine Buchung mindestens 2 Tage vor Anreise, damit wir die Heizung rechtzeitig einschalten k\u00f6nnen.<\/em><\/li>\n<\/ul>\n<\/li>\n\n\n\n<li style=\"padding-top:var(--wp--preset--spacing--30);padding-bottom:var(--wp--preset--spacing--30)\" class=\"has-normal-font-size\">Wie hoch sind die <strong>Stornierungskosten<\/strong>?\n<ul class=\"wp-block-list\">\n<li class=\"has-normal-font-size\"><em>Das h\u00e4ngt davon ab, \u00fcber welches Portal Sie gebucht haben, bei Direktbuchung gilt:<\/em>\n<ul class=\"wp-block-list\">\n<li class=\"has-normal-font-size\">R\u00fccktritt bis 45 Tage vor Mietbeginn 20 % des Mietpreises<\/li>\n\n\n\n<li class=\"has-normal-font-size\">R\u00fccktritt 44 Tage bis 35 Tage vor Mietbeginn 50 % des Mietpreises<\/li>\n\n\n\n<li class=\"has-normal-font-size\">R\u00fccktritt 34 Tage vor Mietbeginn bis Mietbeginn 80 % des Mietpreises<\/li>\n<\/ul>\n<\/li>\n\n\n\n<li>Wir empfehlen den Abschluss einer Reiser\u00fccktrittskosten-Versicherung<\/li>\n<\/ul>\n<\/li>\n\n\n\n<li style=\"padding-top:var(--wp--preset--spacing--30);padding-bottom:var(--wp--preset--spacing--30)\" class=\"has-normal-font-size\">Sind <strong>Haustiere <\/strong>erlaubt?\n<ul class=\"wp-block-list\">\n<li><em>Nein<\/em><\/li>\n<\/ul>\n<\/li>\n\n\n\n<li style=\"padding-top:var(--wp--preset--spacing--30);padding-bottom:var(--wp--preset--spacing--30)\" class=\"has-normal-font-size\">Sind <strong>Kinderbett <\/strong>und <strong>Hochstuhl <\/strong>vorhanden\n<ul class=\"wp-block-list\">\n<li class=\"has-normal-font-size\"><em>Ja, kostenlos<\/em><\/li>\n<\/ul>\n<\/li>\n\n\n\n<li style=\"padding-top:var(--wp--preset--spacing--30);padding-bottom:var(--wp--preset--spacing--30)\" class=\"has-normal-font-size\">Welche <strong>Grillm\u00f6glichkeiten <\/strong>gibt es?\n<ul class=\"wp-block-list\">\n<li class=\"has-normal-font-size\"><em>Holzkohlegrill (kostenlos)<\/em><\/li>\n\n\n\n<li class=\"has-normal-font-size\"><em>Gasgrill (10\u20ac Miete pro angefangener Woche)<\/em><\/li>\n<\/ul>\n<\/li>\n\n\n\n<li style=\"padding-top:var(--wp--preset--spacing--30);padding-bottom:var(--wp--preset--spacing--30)\" class=\"has-normal-font-size\">Wo kann ich mein Auto <strong>parken<\/strong>?\n<ul class=\"wp-block-list\">\n<li><em>An der Stra\u00dfe (ausreichend Platz ist vorhanden<\/em>)<\/li>\n\n\n\n<li><em>In der Garage (im Preis enthalten)<\/em><\/li>\n<\/ul>\n<\/li>\n\n\n\n<li style=\"padding-top:var(--wp--preset--spacing--30);padding-bottom:var(--wp--preset--spacing--30)\" class=\"has-normal-font-size\">Kann ich per <strong>Bahn <\/strong>oder Flugzeug anreisen?\n<ul class=\"wp-block-list\">\n<li><em>Ja, die Abholung vom Bahnhof Meckenbeuren oder Flughafen Friedrichshafen ist nach Absprache m\u00f6glich<\/em><\/li>\n<\/ul>\n<\/li>\n<\/ul>\n","protected":false},"excerpt":{"rendered":"","protected":false},"author":1,"featured_media":0,"parent":0,"menu_order":0,"comment_status":"closed","ping_status":"closed","template":"","meta":{"_price":"","_stock":"","_tribe_ticket_header":"","_tribe_default_ticket_provider":"","_tribe_ticket_capacity":"0","_ticket_start_date":"","_ticket_end_date":"","_tribe_ticket_show_description":"","_tribe_ticket_show_not_going":false,"_tribe_ticket_use_global_stock":"","_tribe_ticket_global_stock_level":"","_global_stock_mode":"","_global_stock_cap":"","_tribe_rsvp_for_event":"","_tribe_ticket_going_count":"","_tribe_ticket_not_going_count":"","_tribe_tickets_list":"[]","_tribe_ticket_has_attendee_info_fields":false,"_EventAllDay":false,"_EventTimezone":"","_EventStartDate":"","_EventEndDate":"","_EventStartDateUTC":"","_EventEndDateUTC":"","_EventShowMap":false,"_EventShowMapLink":false,"_EventURL":"","_EventCost":"","_EventCostDescription":"","_EventCurrencySymbol":"","_EventCurrencyCode":"","_EventCurrencyPosition":"","_EventDateTimeSeparator":"","_EventTimeRangeSeparator":"","_EventOrganizerID":[],"_EventVenueID":[],"_OrganizerEmail":"","_OrganizerPhone":"","_OrganizerWebsite":"","_VenueAddress":"","_VenueCity":"","_VenueCountry":"","_VenueProvince":"","_VenueState":"","_VenueZip":"","_VenuePhone":"","_VenueURL":"","_VenueStateProvince":"","_VenueLat":"","_VenueLng":"","_VenueShowMap":false,"_VenueShowMapLink":false,"footnotes":"","_tec_slr_enabled":"","_tec_slr_layout":""},"class_list":["post-209","page","type-page","status-publish","hentry"],"yoast_head":"<!-- This site is optimized with the Yoast SEO plugin v27.3 - https:\/\/yoast.com\/product\/yoast-seo-wordpress\/ -->\n<title>FAQ - Ferienwohnung Stryck<\/title>\n<meta name=\"robots\" content=\"index, follow, max-snippet:-1, max-image-preview:large, max-video-preview:-1\" \/>\n<link rel=\"canonical\" href=\"https:\/\/ferienwohnung-stryck.de\/?page_id=209\" \/>\n<meta property=\"og:locale\" content=\"de_DE\" \/>\n<meta property=\"og:type\" content=\"article\" \/>\n<meta property=\"og:title\" content=\"FAQ - Ferienwohnung Stryck\" \/>\n<meta property=\"og:url\" content=\"https:\/\/ferienwohnung-stryck.de\/?page_id=209\" \/>\n<meta property=\"og:site_name\" content=\"Ferienwohnung Stryck\" \/>\n<meta property=\"article:modified_time\" content=\"2024-08-18T19:27:02+00:00\" \/>\n<meta name=\"twitter:card\" content=\"summary_large_image\" \/>\n<meta name=\"twitter:label1\" content=\"Gesch\u00e4tzte Lesezeit\" \/>\n\t<meta name=\"twitter:data1\" content=\"2\u00a0Minuten\" \/>\n<script type=\"application\/ld+json\" class=\"yoast-schema-graph\">{\"@context\":\"https:\\\/\\\/schema.org\",\"@graph\":[{\"@type\":\"WebPage\",\"@id\":\"https:\\\/\\\/ferienwohnung-stryck.de\\\/?page_id=209\",\"url\":\"https:\\\/\\\/ferienwohnung-stryck.de\\\/?page_id=209\",\"name\":\"FAQ - Ferienwohnung Stryck\",\"isPartOf\":{\"@id\":\"https:\\\/\\\/ferienwohnung-5zegnia8df.live-website.com\\\/#website\"},\"datePublished\":\"2024-08-18T16:49:50+00:00\",\"dateModified\":\"2024-08-18T19:27:02+00:00\",\"breadcrumb\":{\"@id\":\"https:\\\/\\\/ferienwohnung-stryck.de\\\/?page_id=209#breadcrumb\"},\"inLanguage\":\"de\",\"potentialAction\":[{\"@type\":\"ReadAction\",\"target\":[\"https:\\\/\\\/ferienwohnung-stryck.de\\\/?page_id=209\"]}]},{\"@type\":\"BreadcrumbList\",\"@id\":\"https:\\\/\\\/ferienwohnung-stryck.de\\\/?page_id=209#breadcrumb\",\"itemListElement\":[{\"@type\":\"ListItem\",\"position\":1,\"name\":\"Startseite\",\"item\":\"https:\\\/\\\/ferienwohnung-5zegnia8df.live-website.com\\\/\"},{\"@type\":\"ListItem\",\"position\":2,\"name\":\"FAQ\"}]},{\"@type\":\"WebSite\",\"@id\":\"https:\\\/\\\/ferienwohnung-5zegnia8df.live-website.com\\\/#website\",\"url\":\"https:\\\/\\\/ferienwohnung-5zegnia8df.live-website.com\\\/\",\"name\":\"Ferienwohnung Stryck\",\"description\":\"\",\"potentialAction\":[{\"@type\":\"SearchAction\",\"target\":{\"@type\":\"EntryPoint\",\"urlTemplate\":\"https:\\\/\\\/ferienwohnung-5zegnia8df.live-website.com\\\/?s={search_term_string}\"},\"query-input\":{\"@type\":\"PropertyValueSpecification\",\"valueRequired\":true,\"valueName\":\"search_term_string\"}}],\"inLanguage\":\"de\"}]}<\/script>\n<!-- \/ Yoast SEO plugin. -->","yoast_head_json":{"title":"FAQ - Ferienwohnung Stryck","robots":{"index":"index","follow":"follow","max-snippet":"max-snippet:-1","max-image-preview":"max-image-preview:large","max-video-preview":"max-video-preview:-1"},"canonical":"https:\/\/ferienwohnung-stryck.de\/?page_id=209","og_locale":"de_DE","og_type":"article","og_title":"FAQ - Ferienwohnung Stryck","og_url":"https:\/\/ferienwohnung-stryck.de\/?page_id=209","og_site_name":"Ferienwohnung Stryck","article_modified_time":"2024-08-18T19:27:02+00:00","twitter_card":"summary_large_image","twitter_misc":{"Gesch\u00e4tzte Lesezeit":"2\u00a0Minuten"},"schema":{"@context":"https:\/\/schema.org","@graph":[{"@type":"WebPage","@id":"https:\/\/ferienwohnung-stryck.de\/?page_id=209","url":"https:\/\/ferienwohnung-stryck.de\/?page_id=209","name":"FAQ - Ferienwohnung Stryck","isPartOf":{"@id":"https:\/\/ferienwohnung-5zegnia8df.live-website.com\/#website"},"datePublished":"2024-08-18T16:49:50+00:00","dateModified":"2024-08-18T19:27:02+00:00","breadcrumb":{"@id":"https:\/\/ferienwohnung-stryck.de\/?page_id=209#breadcrumb"},"inLanguage":"de","potentialAction":[{"@type":"ReadAction","target":["https:\/\/ferienwohnung-stryck.de\/?page_id=209"]}]},{"@type":"BreadcrumbList","@id":"https:\/\/ferienwohnung-stryck.de\/?page_id=209#breadcrumb","itemListElement":[{"@type":"ListItem","position":1,"name":"Startseite","item":"https:\/\/ferienwohnung-5zegnia8df.live-website.com\/"},{"@type":"ListItem","position":2,"name":"FAQ"}]},{"@type":"WebSite","@id":"https:\/\/ferienwohnung-5zegnia8df.live-website.com\/#website","url":"https:\/\/ferienwohnung-5zegnia8df.live-website.com\/","name":"Ferienwohnung Stryck","description":"","potentialAction":[{"@type":"SearchAction","target":{"@type":"EntryPoint","urlTemplate":"https:\/\/ferienwohnung-5zegnia8df.live-website.com\/?s={search_term_string}"},"query-input":{"@type":"PropertyValueSpecification","valueRequired":true,"valueName":"search_term_string"}}],"inLanguage":"de"}]}},"ticketed":false,"_links":{"self":[{"href":"https:\/\/ferienwohnung-stryck.de\/index.php?rest_route=\/wp\/v2\/pages\/209","targetHints":{"allow":["GET"]}}],"collection":[{"href":"https:\/\/ferienwohnung-stryck.de\/index.php?rest_route=\/wp\/v2\/pages"}],"about":[{"href":"https:\/\/ferienwohnung-stryck.de\/index.php?rest_route=\/wp\/v2\/types\/page"}],"author":[{"embeddable":true,"href":"https:\/\/ferienwohnung-stryck.de\/index.php?rest_route=\/wp\/v2\/users\/1"}],"replies":[{"embeddable":true,"href":"https:\/\/ferienwohnung-stryck.de\/index.php?rest_route=%2Fwp%2Fv2%2Fcomments&post=209"}],"version-history":[{"count":7,"href":"https:\/\/ferienwohnung-stryck.de\/index.php?rest_route=\/wp\/v2\/pages\/209\/revisions"}],"predecessor-version":[{"id":282,"href":"https:\/\/ferienwohnung-stryck.de\/index.php?rest_route=\/wp\/v2\/pages\/209\/revisions\/282"}],"wp:attachment":[{"href":"https:\/\/ferienwohnung-stryck.de\/index.php?rest_route=%2Fwp%2Fv2%2Fmedia&parent=209"}],"curies":[{"name":"wp","href":"https:\/\/api.w.org\/{rel}","templated":true}]}}